{"id":1912,"date":"2016-09-23T09:30:27","date_gmt":"2016-09-23T07:30:27","guid":{"rendered":"https:\/\/neu.posthotel-radstadt.at\/en\/kontakt\/impressum\/"},"modified":"2025-04-28T11:41:16","modified_gmt":"2025-04-28T09:41:16","slug":"terms","status":"publish","type":"page","link":"https:\/\/www.posthotel-radstadt.at\/en\/contact\/terms\/","title":{"rendered":"Terms"},"content":{"rendered":"<div class=\"wpb-content-wrapper\"><p>[vc_row][vc_column][vc_column_text]<\/p>\n<h1>Terms<\/h1>\n<p>[\/vc_column_text][\/vc_column][\/vc_row][vc_row][vc_column width=&#34;1\/3&#8243;][vc_column_text]<strong>Operator of this website<\/strong><\/p>\n<p>&nbsp;<\/p>\n<p>Posthotel Radstadt<\/p>\n<p>Familie Walter<\/p>\n<p>Stadtplatz 8\/9<\/p>\n<p>A-5550 Radstadt<\/p>\n<p>Tel. +43 6452 4306<\/p>\n<p><a href=\"mailto:office@posthotel-radstadt.at\">E-mail senden<\/a>[\/vc_column_text][vc_column_text]<a href=\"https:\/\/firmen.wko.at\/Web\/DetailsInfos.aspx?FirmaID=780e4796-6975-4971-bf4c-8e7a55bcb412&amp;StandortID=1341&amp;StandortName=radstadt&amp;Suchbegriff=Hotel+Post&amp;Page=1\" target=\"_blank\" rel=\"noopener noreferrer\" class=\"image-link\"><img loading=\"lazy\" decoding=\"async\" class=\"alignnone wp-image-288 size-full\" src=\"https:\/\/www.posthotel-radstadt.at\/wp-content\/uploads\/informationspflicht_logo_wko.jpg\" alt=\"WKO-Logo\" width=\"169\" height=\"23\" \/><\/a>[\/vc_column_text][\/vc_column][vc_column width=&#34;1\/3&#8243;][vc_column_text]<strong>Photo credits<\/strong><\/p>\n<p>&nbsp;<\/p>\n<p>Foto Atelier Gerhard Wolkersdorfer, Die Fotomacher, Haslauer GmbH, TVB Radstadt, TVB Radstadt\/Lorenz Masser, \/Armin Walcher, \/Markus Rohrbacher,  SalzburgerLand Tourismus, Salzburger Sportwelt, Ski amad\u00e9, Erlebnis-Therme Amad\u00e9, Erlebnis-Therme Amad\u00e9\/Nadia Jabli Photography, Stoneman Taurista\/Dennis Stratmann, TVB Obertauern, Salzwelten, Shutterstock, privat[\/vc_column_text][\/vc_column][vc_column width=&#34;1\/3&#8243;][vc_column_text]<strong>Concept, Webdesign &amp; Technical Realization<\/strong><\/p>\n<p>&nbsp;<\/p>\n<p>IMPULS Werbeagentur OG<\/p>\n<p>Stadtplatz 11<\/p>\n<p>A-5550 Radstadt<\/p>\n<p><a href=\"http:\/\/www.impuls-werbeagentur.at\" target=\"_blank\" rel=\"noopener noreferrer\">www.impuls-werbeagentur.at<\/a>[\/vc_column_text][\/vc_column][\/vc_row][vc_row][vc_column][vc_column_text]Diese Webseite wurde von der <a href=\"http:\/\/www.impuls-werbeagentur.at\/\" target=\"_blank\" rel=\"noopener noreferrer\">Full-Service Werbeagentur IMPULS<\/a> aus Radstadt im Pongau gestaltet, welche mit Leidenschaft erfolgreiche <a href=\"http:\/\/www.impuls-werbeagentur.at\/#leistungen\" target=\"_blank\" rel=\"noopener noreferrer\">Webauftritte<\/a> f\u00fcr Unternehmen in <a href=\"http:\/\/www.impuls-werbeagentur.at\/#agentur\" target=\"_blank\" rel=\"noopener noreferrer\">Tourismus<\/a>, <a href=\"http:\/\/www.impuls-werbeagentur.at\/#agentur\" target=\"_blank\" rel=\"noopener noreferrer\">Gastronomie<\/a>,<a href=\"http:\/\/www.impuls-werbeagentur.at\/#agentur\" target=\"_blank\" rel=\"noopener noreferrer\"> Handel &amp; Handwerk<\/a> kreiert und umsetzt. Weiters bietet IMPULS den Kunden <a href=\"http:\/\/www.impuls-werbeagentur.at\/#leistungen\" target=\"_blank\" rel=\"noopener noreferrer\">Printl\u00f6sungen<\/a> wie Gesch\u00e4ftsausstattungen, Inserate, Kataloge, Brosch\u00fcren und Flugbl\u00e4tter an. <a href=\"http:\/\/www.impuls-werbeagentur.at\/#leistungen\" target=\"_blank\" rel=\"noopener noreferrer\">Suchmaschinenoptimierung<\/a>, <a href=\"http:\/\/www.impuls-werbeagentur.at\/#leistungen\" target=\"_blank\" rel=\"noopener noreferrer\">Webshops<\/a>, <a href=\"http:\/\/www.impuls-werbeagentur.at\/#leistungen\" target=\"_blank\" rel=\"noopener noreferrer\">Social Marketing<\/a>, <a href=\"http:\/\/www.impuls-werbeagentur.at\/#leistungen\" target=\"_blank\" rel=\"noopener noreferrer\">Corporate Design<\/a> und <a href=\"http:\/\/www.impuls-werbeagentur.at\/#leistungen\" target=\"_blank\" rel=\"noopener noreferrer\">Outdoor Media<\/a> z\u00e4hlen ebenfalls zu den Kompetenzen der Werbeagentur im Pongau. Werfen Sie einen Blick in die <a href=\"http:\/\/www.impuls-werbeagentur.at\/websites\/\" target=\"_blank\" rel=\"noopener noreferrer\">Web-Referenzen<\/a>, <a href=\"http:\/\/www.impuls-werbeagentur.at\/drucksorten\/\" target=\"_blank\" rel=\"noopener noreferrer\">Druck-<\/a>und <a href=\"http:\/\/www.impuls-werbeagentur.at\/logos\/\" target=\"_blank\" rel=\"noopener noreferrer\">Logo-Referenzen<\/a> und \u00fcberzeugen Sie sich von den Qualit\u00e4ten.[\/vc_column_text][\/vc_column][\/vc_row][vc_row][vc_column][vc_column_text css=&#34;.vc_custom_1716364598078{margin-bottom: 30px !important;}&#34;]<strong>Digital Marketing &amp; Marketing Automation for Hotels<\/strong>[\/vc_column_text][vc_row_inner][vc_column_inner width=&#34;1\/3&#8243;][vc_column_text]ADDITIVE Srl<br \/>\nGame changing hospitality marketing on autopilot<br \/>\nZona Industriale 1\/5 &#8211; Eurocenter<br \/>\nI &#8211; 39011 Lana<br \/>\nSouth Tyrol \/ Italy<br \/>\nTel. +39 0473 538800<br \/>\nE-Mail: info@additive.eu<br \/>\n<a href=\"https:\/\/www.additive.eu\/en\" target=\"_blank\" rel=\"noopener\">www.additive.eu<\/a>[\/vc_column_text][\/vc_column_inner][vc_column_inner width=&#34;2\/3&#8243;][vc_column_text]As a <a href=\"https:\/\/www.additive.eu\/en\" target=\"_blank\" rel=\"noopener\">hotel marketing agency<\/a>, ADDITIVE supports renowned hotel companies in the areas of <a href=\"https:\/\/www.additive.eu\/en\/hotel-marketing-software-automation\/online-marketing-hotel.html\" target=\"_blank\" rel=\"noopener\"> online marketing for hotels<\/a>, hotel marketing automation and <a href=\"https:\/\/www.additive.eu\/en\/hotel-marketing-software-automation\/marketing-crm-software-hotels.html\" target=\"_blank\" rel=\"noopener\">hotel marketing software<\/a> specifically tailored to requirements of the hotel industry. ADDITIVE focuses on transparent measurable results, online marketing know-how in the hotel industry and innovative software solutions, especially in the areas of <a href=\"https:\/\/www.additive.eu\/en\/hotel-marketing-software-automation\/marketing-automation-hotel.html\" target=\"_blank\" rel=\"noopener\">hotel marketing automation<\/a> with ADDITIVE+ MARKETING AUTOMATION, <a href=\"https:\/\/www.additive.eu\/en\/hotel-marketing-software-automation\/newsletter-marketing-hotel.html\" target=\"_blank\" rel=\"noopener\">hotel e-mail marketing and newsletter<\/a> with ADDITIVE+ NEWSLETTER as well as <a href=\"https:\/\/www.additive.eu\/en\/hotel-marketing-software-automation\/coupon-marketing-hotel.html\" target=\"_blank\" rel=\"noopener\">coupon marketing and software hotel<\/a> with ADDITIVE+ VOUCHERS. In the development of new software and marketing solutions, ADDITIVE is always mindful of data protection and GDPR compliance, more information on this can be found on this website under Data Protection\/Privacy.[\/vc_column_text][\/vc_column_inner][\/vc_row_inner][vc_row_inner][vc_column_inner width=&#34;1\/3&#8243;][vc_column_text css=&#34;&#34;]Online Distribution<br \/>\nMTS online GmbH<br \/>\ntofisch I villa I verde<br \/>\nAnton Peintner Weg 4<br \/>\n39030 Vintl &#8211; S\u00fcdtirol<br \/>\nTel. +39 0472 869368<br \/>\n<a href=\"mailto:support@mts-online.com\">support@mts-online.com<\/a><br \/>\n<a href=\"https:\/\/www.mts-online.com\" target=\"_blank\" rel=\"noopener\">www.mts-online.com<\/a>[\/vc_column_text][\/vc_column_inner][vc_column_inner width=&#34;2\/3&#8243;][vc_column_text css=&#34;&#34;]Versatile, creative, tailored, and precise \u2013 our marketing services.<\/p>\n<p>The modular approach might sound like it offers little flexibility at first, but for us, it\u2019s quite the opposite: By individually combining our services and modules, we provide creative and customized solutions. Our services complete your success formula \u2013 from digital marketing and analytics to copywriting and translations, as well as 3D renderings and photoshoots. Of course, we continue to offer top-notch support. Our dynamic team is always by your side, even when things get a little bumpy. With adaptable services, we stay up-to-date with the latest trends.[\/vc_column_text][\/vc_column_inner][\/vc_row_inner][\/vc_column][\/vc_row][vc_row][vc_column][vc_column_text]<\/p>\n<h3>Exclusion of liability<\/h3>\n<p>[\/vc_column_text][vc_column_text]<\/p>\n<div class=\"vce-text-block\">\n<div id=\"el-c857084d\" class=\"vce-text-block-wrapper vce\" data-vce-do-apply=\"all el-c857084d\">\n<p><strong>Online Content<\/strong><\/p>\n<\/div>\n<\/div>\n<div class=\"vce-text-block\">\n<div id=\"el-1a866ef3\" class=\"vce-text-block-wrapper vce\" data-vce-do-apply=\"all el-1a866ef3\">\n<p><span lang=\"EN-GB\">The author accepts no responsibility for the topicality, correctness, completeness or quality of the information provided. Liability claims against the author which refer to damages of material or immaterial nature caused by use or disuse of the presented information or by the use of faulty and incomplete information are excluded, unless the author is intentional or grossly negligent. All offers are non-binding and without obligation. The author expressly reserves the right to change parts of the pages or the entire offer without separate announcement, to supplement, to delete or cease publication temporarily or permanently.<\/span><\/p>\n<p>&nbsp;<\/p>\n<p><span lang=\"EN-GB\"> <\/span><\/p>\n<p><strong><span lang=\"EN-GB\">Direct and indirect links<\/span><\/strong><\/p>\n<p><span lang=\"EN-GB\">As regards direct and indirect links to third-party websites \u2013 for which the author of this website bears no responsibility \u2013 liability can only be shown to exist if the author of this website can be proven to have knowledge of the third-party content, and if he can be proven to possess the technical possibilities, and be considered reasonable, for the author to prevent access to content of a questionable or illegal nature. The author of this website hereby explicitly declares that at the time when the links were installed, he\/she was not aware of any unsuitable or illegal content on the linked sites. The author of this site has no influence on the present and future design, content or authorship of linked sites or pages. Consequently, the author distances himself\/herself explicitly from any content changed on linked pages or sites since the installation of the link. This statement applies to all links and suggested reading within the overall online offering of this website, and to third-party contributions in visitor books, forums and mailing lists set up by the author. The provider of the linked third-party site is solely responsible for illegal, erroneous or incomplete content on that website, and particularly for damage caused by the use, or failure to use, such information as presented. The person who merely installs the links to such published content may not be held responsible for the content to which they lead.<\/span><\/p>\n<p>&nbsp;<\/p>\n<p><span lang=\"EN-GB\"> <\/span><\/p>\n<p><strong><span lang=\"EN-GB\">Authorship, copyrights and labelling law<\/span><\/strong><\/p>\n<p><span lang=\"EN-GB\">The author shall endeavour to respect the rights of the originator, trademarks and copyrights, for all texts, images, audio files or video sequences, in all publications \u2013 and, furthermore, to use texts, images, audio files or video sequences he\/she has produced himself\/herself, or to use texts, images, audio files and video sequences licensed for general public use. All brands and trademarks featured on the website, and those protected by third parties, are \u2013 in their entirety \u2013 subject to the provisions of the respectively valid and applicable copyrights and trademark legislation, and to the rights of ownership of the registered owner. The conclusion must not be drawn that the mere labelling or naming guarantees exoneration from the consequences of possible third-party brand, copyright and trademark protection! Copyrights for content created and subsequently published by the website author remain solely within his\/her domain. Copying or use of any such texts, images, audio files or video sequences, in any other digital or printed publications, is strictly forbidden without the explicit permission of the author\/originator.<\/span><\/p>\n<p>&nbsp;<\/p>\n<p><span lang=\"EN-GB\"> <\/span><\/p>\n<p><strong><span lang=\"EN-GB\">Legal efficacy of this exclusion of liability<\/span><\/strong><\/p>\n<p><span lang=\"EN-GB\">This exclusion of liability is integral to \u2013 and applicable to \u2013 the content of all online offerings on this website. Regardless of whether part of, or the wording of, this text does not comply with current legal provisions, no longer does so, or does not do so in its entirety, this shall not affect its validity for the remaining content of the document.<\/span><\/p>\n<p>&nbsp;<\/p>\n<p><span lang=\"EN-GB\"> <\/span><\/p>\n<p><strong><span lang=\"EN-GB\">W3C<\/span><\/strong><\/p>\n<p><span lang=\"EN-GB\">This website was created in compliance with W3C guidelines.<\/span><\/p>\n<\/div>\n<\/div>\n<p>[\/vc_column_text][\/vc_column][\/vc_row]<\/p>\n<\/div>","protected":false},"excerpt":{"rendered":"<p>[vc_row][vc_column][vc_column_text] Terms [\/vc_column_text][\/vc_column][\/vc_row][vc_row][vc_column width=&#34;1\/3&#8243;][vc_column_text]Operator of this website &nbsp; Posthotel Radstadt Familie Walter Stadtplatz 8\/9 A-5550 Radstadt Tel. +43 6452 4306 E-mail senden[\/vc_column_text][vc_column_text][\/vc_column_text][\/vc_column][vc_column width=&#34;1\/3&#8243;][vc_column_text]Photo credits &nbsp; Foto Atelier Gerhard Wolkersdorfer, Die [&hellip;]<\/p>\n","protected":false},"author":1,"featured_media":8283,"parent":1895,"menu_order":0,"comment_status":"closed","ping_status":"closed","template":"","meta":{"_acf_changed":false,"rs_blank_template":"","rs_page_bg_color":"","slide_template_v7":"","footnotes":""},"class_list":["post-1912","page","type-page","status-publish","has-post-thumbnail","hentry"],"acf":[],"_links":{"self":[{"href":"https:\/\/www.posthotel-radstadt.at\/en\/wp-json\/wp\/v2\/pages\/1912","targetHints":{"allow":["GET"]}}],"collection":[{"href":"https:\/\/www.posthotel-radstadt.at\/en\/wp-json\/wp\/v2\/pages"}],"about":[{"href":"https:\/\/www.posthotel-radstadt.at\/en\/wp-json\/wp\/v2\/types\/page"}],"author":[{"embeddable":true,"href":"https:\/\/www.posthotel-radstadt.at\/en\/wp-json\/wp\/v2\/users\/1"}],"replies":[{"embeddable":true,"href":"https:\/\/www.posthotel-radstadt.at\/en\/wp-json\/wp\/v2\/comments?post=1912"}],"version-history":[{"count":0,"href":"https:\/\/www.posthotel-radstadt.at\/en\/wp-json\/wp\/v2\/pages\/1912\/revisions"}],"up":[{"embeddable":true,"href":"https:\/\/www.posthotel-radstadt.at\/en\/wp-json\/wp\/v2\/pages\/1895"}],"wp:featuredmedia":[{"embeddable":true,"href":"https:\/\/www.posthotel-radstadt.at\/en\/wp-json\/wp\/v2\/media\/8283"}],"wp:attachment":[{"href":"https:\/\/www.posthotel-radstadt.at\/en\/wp-json\/wp\/v2\/media?parent=1912"}],"curies":[{"name":"wp","href":"https:\/\/api.w.org\/{rel}","templated":true}]}}