{"id":1914,"date":"2016-09-23T09:30:11","date_gmt":"2016-09-23T07:30:11","guid":{"rendered":"https:\/\/neu.posthotel-radstadt.at\/en\/kontakt\/anreise\/"},"modified":"2022-08-24T11:07:56","modified_gmt":"2022-08-24T09:07:56","slug":"arrival","status":"publish","type":"page","link":"https:\/\/www.posthotel-radstadt.at\/en\/contact\/arrival\/","title":{"rendered":"Arrival Information"},"content":{"rendered":"<div class=\"wpb-content-wrapper\"><p>[vc_row][vc_column][vc_column_text]<\/p>\n<h1>Arrival to Radstadt<\/h1>\n<h2>Posthotel and POST-restaurant in the center of Radstadt<\/h2>\n<p>[\/vc_column_text][\/vc_column][\/vc_row][vc_row content_placement=&#34;middle&#34;][vc_column width=&#34;1\/2&#8243;][vc_single_image image=&#34;8314&#8243; img_size=&#34;medium&#34;][\/vc_column][vc_column width=&#34;1\/2&#8243;][vc_column_text]<\/p>\n<h4>Arrival by car<\/h4>\n<p>The location symbol indicates the location of our<a href=\"https:\/\/www.posthotel-radstadt.at\/en\/\"> hotel in Radstadt<\/a>. You can move the map below and zoom using the buttons. Please note that vignettes are mandatory on the Austrian motorway when travelling by motorway! The following GPS data for your navigation system (UTM) will bring you to us: Latitude: 47.384602; Longitude: 13.463160;[\/vc_column_text][vc_tta_accordion active_section=&#34;false&#34; collapsible_all=&#34;true&#34;][vc_tta_section title=&#34;Arrival by car&#34; tab_id=&#34;1600686463555-b47031ef-7116&#8243;][vc_column_text]The Posthotel Radstadt is easily accessible through <strong>A10-Tauernautobahn in direction Graz\/Villach<\/strong> . Take the <strong>Exit \u201eKnoten Ennstal\u201c<\/strong>, <strong>Exit \u201eGraz\/Altenmarkt\u201c (Exit 63)<\/strong> and drive along the Ennstal-Bundesstra\u00dfe 99 (ca. 6 km) to Radstadt. In Radstadt take <strong>Exit &#34;West&#34;<\/strong> and follow the road until you reach the center of the city. You will find us in the middle of the town square on the right side.<\/p>\n<p>Coming from the south via <strong>B320 (E651) Ennstal-Stra\u00dfe<\/strong> take <strong>Exit Ost (east)<\/strong> in Radstadt and follow the road all the way up to the &#34;Judenb\u00fchel&#34;. The one-way street will lead you through the Karl-Berg-Gasse, past the church, to Hoheneggstra\u00dfe and to Schernbergstra\u00dfe. Then you will find the <a href=\"https:\/\/www.posthotel-radstadt.at\/en\/\">Posthotel<\/a> in the middle of the town square on the right hand side.[\/vc_column_text][\/vc_tta_section][\/vc_tta_accordion][\/vc_column][\/vc_row][vc_row][vc_column width=&#34;1\/3&#8243;][vc_single_image image=&#34;8321&#8243; img_size=&#34;klein&#34; onclick=&#34;link_image&#34;][vc_column_text]<\/p>\n<h4>Arrival by train<\/h4>\n<p>[\/vc_column_text][vc_column_text]All express trains stop at Radstadt station. You can find timetables under:[\/vc_column_text][vc_column_text]<\/p>\n<ul>\n<li><a href=\"https:\/\/www.oebb.at\/\" target=\"_blank\" rel=\"noopener noreferrer\">www.oebb.at<\/a><\/li>\n<li><a href=\"https:\/\/www.bahn.de\/p\/view\/index.shtml\" target=\"_blank\" rel=\"noopener noreferrer\">www.bahn.de<\/a><\/li>\n<\/ul>\n<p>[\/vc_column_text][\/vc_column][vc_column width=&#34;1\/3&#8243;][vc_single_image image=&#34;8323&#8243; img_size=&#34;klein&#34; onclick=&#34;link_image&#34;][vc_column_text]<\/p>\n<h4>Arrival by plane<\/h4>\n<p>[\/vc_column_text][vc_column_text]The <strong>Salzburg Airport &#34;W.A. Mozart&#34; is 70 km<\/strong> away.[\/vc_column_text][vc_row_inner el_class=&#34;li-fliegen&#34;][vc_column_inner width=&#34;1\/2&#8243;][vc_column_text el_class=&#34;aufzaehlung&#34;]<\/p>\n<ul>\n<li><a href=\"http:\/\/www.austrian.com\/\" target=\"_blank\" rel=\"noopener noreferrer\">AUA\/Lufthansa<\/a><\/li>\n<li><a href=\"http:\/\/www.britishairways.com\/travel\/home\/public\/de_at\" target=\"_blank\" rel=\"noopener noreferrer\">British Airways<\/a><\/li>\n<li><a href=\"https:\/\/www.eurowings.com\/at.html\" target=\"_blank\" rel=\"noopener noreferrer\">Eurowings<\/a><\/li>\n<li><a href=\"https:\/\/www.norwegian.com\/\" target=\"_blank\" rel=\"noopener noreferrer\">Norwegian<\/a><\/li>\n<\/ul>\n<p>[\/vc_column_text][\/vc_column_inner][vc_column_inner width=&#34;1\/2&#8243;][vc_column_text]<\/p>\n<ul>\n<li><a href=\"http:\/\/www.ryanair.com\/\" target=\"_blank\" rel=\"noopener noreferrer\">Ryan Air<\/a><\/li>\n<li><a href=\"http:\/\/www.transavia.com\/\" target=\"_blank\" rel=\"noopener noreferrer\">Transavia<\/a><\/li>\n<li><a href=\"http:\/\/www.salzburg-airport.com\/\" target=\"_blank\" rel=\"noopener noreferrer\">Flughafen Salzburg<\/a><\/li>\n<li><a href=\"http:\/\/www.munich-airport.de\/\" target=\"_blank\" rel=\"noopener noreferrer\">Flughafen M\u00fcnchen<\/a><\/li>\n<\/ul>\n<p>[\/vc_column_text][\/vc_column_inner][\/vc_row_inner][\/vc_column][vc_column width=&#34;1\/3&#8243;][vc_single_image image=&#34;8325&#8243; img_size=&#34;klein&#34; onclick=&#34;link_image&#34;][vc_column_text]<\/p>\n<h4>Arrival by cab<\/h4>\n<p>[\/vc_column_text][vc_column_text]For the transfer from and to the airport or train station we can recommend the following cab company:[\/vc_column_text][vc_column_text]<\/p>\n<ul>\n<li>VIP-Taxi: Tel. +43 (0) 6452 4331 \u00b7 Mobile:  +43 (0) 660 5550 017 \u00b7 <a href=\"http:\/\/www.taxi-pongau.at\/\" target=\"_blank\" rel=\"noopener noreferrer\">www.taxi-radstadt.at<\/a><\/li>\n<\/ul>\n<p>[\/vc_column_text][\/vc_column][\/vc_row]<\/p>\n<\/div>","protected":false},"excerpt":{"rendered":"<p>[vc_row][vc_column][vc_column_text] Arrival to Radstadt Posthotel and POST-restaurant in the center of Radstadt [\/vc_column_text][\/vc_column][\/vc_row][vc_row content_placement=&#34;middle&#34;][vc_column width=&#34;1\/2&#8243;][vc_single_image image=&#34;8314&#8243; img_size=&#34;medium&#34;][\/vc_column][vc_column width=&#34;1\/2&#8243;][vc_column_text] Arrival by car The location symbol indicates the location of our hotel [&hellip;]<\/p>\n","protected":false},"author":1,"featured_media":8306,"parent":1895,"menu_order":0,"comment_status":"closed","ping_status":"closed","template":"","meta":{"_acf_changed":false,"rs_blank_template":"","rs_page_bg_color":"#ffffff","slide_template_v7":"","footnotes":""},"class_list":["post-1914","page","type-page","status-publish","has-post-thumbnail","hentry"],"acf":[],"_links":{"self":[{"href":"https:\/\/www.posthotel-radstadt.at\/en\/wp-json\/wp\/v2\/pages\/1914","targetHints":{"allow":["GET"]}}],"collection":[{"href":"https:\/\/www.posthotel-radstadt.at\/en\/wp-json\/wp\/v2\/pages"}],"about":[{"href":"https:\/\/www.posthotel-radstadt.at\/en\/wp-json\/wp\/v2\/types\/page"}],"author":[{"embeddable":true,"href":"https:\/\/www.posthotel-radstadt.at\/en\/wp-json\/wp\/v2\/users\/1"}],"replies":[{"embeddable":true,"href":"https:\/\/www.posthotel-radstadt.at\/en\/wp-json\/wp\/v2\/comments?post=1914"}],"version-history":[{"count":0,"href":"https:\/\/www.posthotel-radstadt.at\/en\/wp-json\/wp\/v2\/pages\/1914\/revisions"}],"up":[{"embeddable":true,"href":"https:\/\/www.posthotel-radstadt.at\/en\/wp-json\/wp\/v2\/pages\/1895"}],"wp:featuredmedia":[{"embeddable":true,"href":"https:\/\/www.posthotel-radstadt.at\/en\/wp-json\/wp\/v2\/media\/8306"}],"wp:attachment":[{"href":"https:\/\/www.posthotel-radstadt.at\/en\/wp-json\/wp\/v2\/media?parent=1914"}],"curies":[{"name":"wp","href":"https:\/\/api.w.org\/{rel}","templated":true}]}}