{"id":8932,"date":"2020-05-04T13:39:48","date_gmt":"2020-05-04T11:39:48","guid":{"rendered":"https:\/\/neu.posthotel-radstadt.at\/stoneman-taurista\/"},"modified":"2021-05-03T09:33:27","modified_gmt":"2021-05-03T07:33:27","slug":"stoneman-taurista","status":"publish","type":"page","link":"https:\/\/www.posthotel-radstadt.at\/en\/holiday-packages\/stoneman-taurista\/","title":{"rendered":"Stoneman Taurista"},"content":{"rendered":"<div class=\"wpb-content-wrapper\"><p>[vc_row][vc_column][vc_column_text]<\/p>\n<h1>Stoneman Taurista<\/h1>\n<h2>an exclusive mountainbike experience by Roland Stauder in Radstadt &#8211; Austria.<\/h2>\n<p>[\/vc_column_text][\/vc_column][\/vc_row][vc_row equal_height=&#34;yes&#34; content_placement=&#34;middle&#34;][vc_column width=&#34;1\/6&#8243;][vc_single_image image=&#34;7211&#8243; el_class=&#34;logo&#34;][\/vc_column][vc_column width=&#34;5\/6&#8243;][vc_column_text]123 Kilometers | 4500 meters altitude gain | 360\u00b0 breathtaking alpine panorama: be part of it and challenge the best! We in the Posthotel Radstadt are an official Stoneman Taurista partner and we are excited to experience a great adventure with you: a ride of 123 kilometers and an enormous 4500 meters of altitude gain as well as breathtaking panoramas in the stunning landscape of the Salzburg Alps. We have tailored the perfect package for you &#8211; beginner or pro &#8211; you can enjoy the adventure to the fullest.[\/vc_column_text][\/vc_column][\/vc_row][vc_row][vc_column][vc_single_image image=&#34;7361&#8243; img_size=&#34;full&#34;][\/vc_column][\/vc_row][vc_row css=&#34;.vc_custom_1600421015630{margin-bottom: 15px !important;}&#34;][vc_column][vc_column_text]<\/p>\n<h3 style=\"text-align: center;\">3 Stoneman Taurista Packages<\/h3>\n<p>[\/vc_column_text][\/vc_column][\/vc_row][vc_row el_class=&#34;pauschale schmal&#34;][vc_column width=&#34;1\/3&#8243;][vc_single_image image=&#34;8870&#8243; img_size=&#34;medium&#34;][vc_column_text]<\/p>\n<h4>Stoneman Taurista Mountainbike Package<br \/>\n(4 nights)<\/h4>\n<p>[\/vc_column_text][vc_column_text]package price per person<\/p>\n<h6>\u20ac 280,- in a double room<\/h6>\n<p>[\/vc_column_text][vc_column_text]<\/p>\n<p style=\"text-align: center;\"><span class=\"button-block\"><a href=\"\/?p=12393\">VIEW MORE<\/a><\/span><\/p>\n<p>[\/vc_column_text][\/vc_column][vc_column width=&#34;1\/3&#8243;][vc_single_image image=&#34;8866&#8243; img_size=&#34;medium&#34;][vc_column_text]<\/p>\n<h4>Stoneman Taurista Mountainbike Package<br \/>\n(3 nights)<\/h4>\n<p>[\/vc_column_text][vc_column_text]package price per person<\/p>\n<h6>\u20ac 213,- in a double room<\/h6>\n<p>[\/vc_column_text][vc_column_text]<\/p>\n<p style=\"text-align: center;\"><span class=\"button-block\"><a href=\"\/?p=12397\">VIEW MORE<\/a><\/span><\/p>\n<p>[\/vc_column_text][\/vc_column][vc_column width=&#34;1\/3&#8243;][vc_single_image image=&#34;8868&#8243; img_size=&#34;medium&#34;][vc_column_text]<\/p>\n<h4>Stoneman Taurista Mountainbike Package<br \/>\n(2 nights)<\/h4>\n<p>[\/vc_column_text][vc_column_text]package price per person<\/p>\n<h6>\u20ac 146,- in a double room<\/h6>\n<p>[\/vc_column_text][vc_column_text]<\/p>\n<p style=\"text-align: center;\"><span class=\"button-block\"><a href=\"\/?p=12401\">VIEW MORE<\/a><\/span><\/p>\n<p>[\/vc_column_text][\/vc_column][\/vc_row][vc_row][vc_column width=&#34;5\/12&#8243;][vc_single_image image=&#34;7227&#8243; img_size=&#34;large&#34; onclick=&#34;link_image&#34;][\/vc_column][vc_column width=&#34;7\/12&#8243;][vc_column_text]<\/p>\n<h4>Re-Routing in 2020 &amp; 2021<\/h4>\n<p>[\/vc_column_text][vc_column_text]The season 2020 &amp; 2021 grants a special feature. What you can expect: same 4500 m vertical, but an entirely new section. Due to construction works between Flachau and Wagrain the two checkpoints Grie\u00dfenkar and Edelwei\u00dfalm won&#8217;t be part of the tour. There will be a new checkpoint, reaching the picturesque Hochgr\u00fcndeck (1800 m) via the Ginausattel north of Wagrain. Traversing Eben im Pongau the track leads back to the original route.[\/vc_column_text][\/vc_column][\/vc_row][vc_row full_width=&#34;stretch_row&#34; el_class=&#34;hintergrund-unterseite&#34;][vc_column][vc_column_text]<\/p>\n<h1>Tours<\/h1>\n<p>[\/vc_column_text]<div id=\"advanced-tabs-desc-wrap-3801\" class=\"ult_tabs tab-linie\" style=\" \" data-tabsstyle=\"style3\"\n data-titlebg=\"#ffffff\" data-titlecolor=\"#0a0a0a\" data-fullheight=\"off\"\n data-titlehoverbg=\"#ffffff\" data-titlehovercolor=\"#ffffff\"\n data-rotatetabs=\"0\" data-responsivemode=\"Both\" data-animation=\"Slide\"\ndata-activetitle=\"#7d2958\" data-activeicon=\"\" data-activebg=\"#ffffff\"  data-respmode=\"Accordion\" data-respwidth=\"400\" data-scroll = \"on\" data-activeindex=\"1\"><ul id=advanced-tabs-wrap-3615 class=\"ult_tabmenu style3 \" style=\"\"><li class=\"ult_tab_li  \" data-iconcolor=\"#74777b\" data-iconhover=\"#ffffff\" style=\"background-color:#ffffff;border-color:transparent;border-width:0px;border-style:solid;border-top-left-radius:8px;\">\n\t\t\t\t\t<a href=\"#1600150638992-3\"  id=\"1600150638992-3\"  style=\"color:#0a0a0a;;   \" class=\"ult_a  \">\n\t\t\t\t\t     <span class=\"ult_tab_main Both \">\n\t\t\t\t\t \t\t <span class=\"ult_tab_section\">\n\t\t\t\t\t   \t\t\t<span  data-ultimate-target='#advanced-tabs-wrap-3615 .ult-span-text'  data-responsive-json-new='{\"font-size\":\"desktop:15px;\",\"line-height\":\"\"}'  class=\"ult-span-text no_icon ult_tab_display_text ult-responsive\" style=\";\">Gold<\/span>\n\t\t\t\t\t   \t\t<\/span>\n\t\t\t\t\t\t<\/span>\n\t\t\t\t\t<\/a>\n\t\t\t\t\t<\/li><li class=\"ult_tab_li  \" data-iconcolor=\"#74777b\" data-iconhover=\"#ffffff\" style=\"background-color:#ffffff;border-color:transparent;border-width:0px;border-style:solid;\">\n\t\t\t\t\t<a href=\"#1600163296906-2-9\"  id=\"1600163296906-2-9\"  style=\"color:#0a0a0a;;   \" class=\"ult_a  \">\n\t\t\t\t\t     <span class=\"ult_tab_main Both \">\n\t\t\t\t\t \t\t <span class=\"ult_tab_section\">\n\t\t\t\t\t   \t\t\t<span  data-ultimate-target='#advanced-tabs-wrap-3615 .ult-span-text'  data-responsive-json-new='{\"font-size\":\"desktop:15px;\",\"line-height\":\"\"}'  class=\"ult-span-text no_icon ult_tab_display_text ult-responsive\" style=\";\">Silver<\/span>\n\t\t\t\t\t   \t\t<\/span>\n\t\t\t\t\t\t<\/span>\n\t\t\t\t\t<\/a>\n\t\t\t\t\t<\/li><li class=\"ult_tab_li  \" data-iconcolor=\"#74777b\" data-iconhover=\"#ffffff\" style=\"background-color:#ffffff;border-color:transparent;border-width:0px;border-style:solid;border-top-right-radius:8px;\">\n\t\t\t\t\t<a href=\"#1600163390206-3-1\"  id=\"1600163390206-3-1\"  style=\"color:#0a0a0a;;   \" class=\"ult_a  \">\n\t\t\t\t\t     <span class=\"ult_tab_main Both \">\n\t\t\t\t\t \t\t <span class=\"ult_tab_section\">\n\t\t\t\t\t   \t\t\t<span  data-ultimate-target='#advanced-tabs-wrap-3615 .ult-span-text'  data-responsive-json-new='{\"font-size\":\"desktop:15px;\",\"line-height\":\"\"}'  class=\"ult-span-text no_icon ult_tab_display_text ult-responsive\" style=\";\">Bronze<\/span>\n\t\t\t\t\t   \t\t<\/span>\n\t\t\t\t\t\t<\/span>\n\t\t\t\t\t<\/a>\n\t\t\t\t\t<\/li><\/ul><div  data-ultimate-target='#advanced-tabs-desc-wrap-3801 .ult_tabcontent .ult_tab_min_contain  p'  data-responsive-json-new='{\"font-size\":\"\",\"line-height\":\"\"}' class=\"ult_tabcontent ult-responsive style3\" style=\"text-decoration:underline;font-weight:normal;color:#0a0a0a;\"><div class=\"ult_tab_min_contain \" >\n\t\t\t<div  class=\"ult_tabitemname\"  >\n\t\t\t\t[vc_column_text]<\/p>\n<h5>Gold<\/h5>\n<p>[\/vc_column_text][vc_column_text]<\/p>\n<h6>all in one day<\/h6>\n<p>If you conquer the course in one day, you have earned the Stoneman gold trophy &#8211; 123 km and 4500 meters of altitude gain in one day needs a very early start in the day. The gold trophy is only for well trained and very ambitious riders.<\/p>\n<ul>\n<li><strong>Checkpoints<\/strong>: *Sattelbauer * Hochgr\u00fcndeck * Rossbrand * Mandlberg * Forstau * Oberh\u00fctte * Johanneswasserfall<\/li>\n<\/ul>\n<p>[\/vc_column_text][vc_column_text]<span class=\"button-block\"><a href=\"https:\/\/www.stoneman-taurista.com\/mountainbike-tour\/mtb-urlaub-planen\/tipps-stoneman-trail-taurista-mountainbike-tour-1-tag-gold\/\" target=\"_blank\" rel=\"noopener noreferrer\">View More<\/a><\/span>[\/vc_column_text]\n\t\t\t<\/div>\n\t\t\t<div  class=\"ult_tabitemname\"  >\n\t\t\t\t[vc_column_text]<\/p>\n<h5>Silver<\/h5>\n<p>[\/vc_column_text][vc_column_text]<\/p>\n<h6>2 days:<\/h6>\n<ul>\n<li><strong>Day 1: <\/strong><strong>Checkpoints: <\/strong>Radstadt Posthotel * Sattelbauer * Hochgr\u00fcndeck * Rossbrand * Mandlberggut * Radstadt Hotel Post<\/li>\n<li><strong>Day 2: <\/strong><strong>Checkpoints: <\/strong>Radstadt Posthotel * Forstau * Oberh\u00fctte * Johanneswasserfall * Radstadt Hotel Post<\/li>\n<\/ul>\n<p>[\/vc_column_text][vc_column_text]<span class=\"button-block\"><a href=\"https:\/\/www.stoneman-taurista.com\/mountainbike-tour\/mtb-urlaub-planen\/tipps-fuer-stoneman-taurista-mountainbike-tour-2-tage-silber\/\" target=\"_blank\" rel=\"noopener noreferrer\">View more<\/a><\/span>[\/vc_column_text]\n\t\t\t<\/div>\n\t\t\t<div  class=\"ult_tabitemname\"  >\n\t\t\t\t[vc_column_text]<\/p>\n<h5>Bronze<\/h5>\n<p>[\/vc_column_text][vc_column_text]<\/p>\n<h6>3 days:<\/h6>\n<ul>\n<li><strong>Day 1 Checkpoints:<\/strong> Radstadt Posthotel * Sattelbauer * Hochgr\u00fcndeck * Radstadt Hotel Post<\/li>\n<li><strong>Day 2: Checkpoints: <\/strong>Radstadt Posthotel * Rossbrand * Mandlberggut * Radstadt Hotel Post<\/li>\n<li><strong>Day 3: Checkpoints: <\/strong>Radstadt Posthotel * Forstau * Oberh\u00fctte * Johanneswasserfall * Radstadt Hotel Post<\/li>\n<\/ul>\n<p>[\/vc_column_text][vc_column_text]<span class=\"button-block\"><a href=\"https:\/\/www.stoneman-taurista.com\/mountainbike-tour\/mtb-urlaub-planen\/tipps-fuer-stoneman-taurista-mountainbike-tour-3-tage-bronze\/\" target=\"_blank\" rel=\"noopener noreferrer\">View more<\/a><\/span>[\/vc_column_text]\n\t\t\t<\/div><\/div><\/div><\/div><div class=\"ult_acord advanced-tabs-desc-wrap-3801\">\n   <div class=\"ult-tabto-accordion \" style=\"width:;\"\n    data-titlecolor=\"#0a0a0a\"  data-titlebg=\"#ffffff\"\n     data-titlehoverbg=\"#ffffff\" data-titlehovercolor=\"#ffffff\" data-animation=\"Slide\"\n     data-activetitle=\"#7d2958\" data-activeicon=\"\" data-activebg=\"#ffffff\" data-scroll = \"on\" data-activeindex=\"1\" >\n     <dl><dt class=\"\">\n\t        \t<a class=\"ult-tabto-actitle withBorder ult_a \" id=\"1600150638992-3\" style=\"color:#0a0a0a;;background-color:#ffffff;border-bottom-color:transparent;border-bottom-width:0px;border-bottom-style:solid;\" href=\"#1600150638992-3\">\n\t        \t\t<i class=\"accordion-icon\"><\/i>\n\t        \t\t\t<span class=\"ult_tab_main ult_ac_main ult_noacordicnBoth\">\n\n\t\t\t\t\t\t<span  data-ultimate-target='#advanced-tabs-wrap-3615 .ult-span-text'  data-responsive-json-new='{\"font-size\":\"desktop:15px;\",\"line-height\":\"\"}'  class=\"ult-span-text no_icon ult_acordian-text ult-responsive\" style=\";color:inherit \" >Gold<\/span>\n\t\t\t\t\t\t<\/span><\/a><\/dt>\n\t            \t\t<dd class=\"ult-tabto-accordionItem ult-tabto-accolapsed\">\n\t\t\t\t            <div class=\"ult-tabto-acontent\" style=\"text-decoration:underline;font-weight:normal;color:#0a0a0a;\">\n\t\t\t\t               [vc_column_text]<\/p>\n<h5>Gold<\/h5>\n<p>[\/vc_column_text][vc_column_text]<\/p>\n<h6>all in one day<\/h6>\n<p>If you conquer the course in one day, you have earned the Stoneman gold trophy &#8211; 123 km and 4500 meters of altitude gain in one day needs a very early start in the day. The gold trophy is only for well trained and very ambitious riders.<\/p>\n<ul>\n<li><strong>Checkpoints<\/strong>: *Sattelbauer * Hochgr\u00fcndeck * Rossbrand * Mandlberg * Forstau * Oberh\u00fctte * Johanneswasserfall<\/li>\n<\/ul>\n<p>[\/vc_column_text][vc_column_text]<span class=\"button-block\"><a href=\"https:\/\/www.stoneman-taurista.com\/mountainbike-tour\/mtb-urlaub-planen\/tipps-stoneman-trail-taurista-mountainbike-tour-1-tag-gold\/\" target=\"_blank\" rel=\"noopener noreferrer\">View More<\/a><\/span>[\/vc_column_text]\n\t\t\t\t            <\/div>\n\t        \t\t\t<\/dd><dt class=\"\">\n\t        \t<a class=\"ult-tabto-actitle withBorder ult_a \" id=\"1600163296906-2-9\" style=\"color:#0a0a0a;;background-color:#ffffff;border-bottom-color:transparent;border-bottom-width:0px;border-bottom-style:solid;border-bottom-color:transparent;border-bottom-width:0px;border-bottom-style:solid;\" href=\"#1600163296906-2-9\">\n\t        \t\t<i class=\"accordion-icon\"><\/i>\n\t        \t\t\t<span class=\"ult_tab_main ult_ac_main ult_noacordicnBoth\">\n\n\t\t\t\t\t\t<span  data-ultimate-target='#advanced-tabs-wrap-3615 .ult-span-text'  data-responsive-json-new='{\"font-size\":\"desktop:15px;\",\"line-height\":\"\"}'  class=\"ult-span-text no_icon ult_acordian-text ult-responsive\" style=\";color:inherit \" >Silver<\/span>\n\t\t\t\t\t\t<\/span><\/a><\/dt>\n\t            \t\t<dd class=\"ult-tabto-accordionItem ult-tabto-accolapsed\">\n\t\t\t\t            <div class=\"ult-tabto-acontent\" style=\"text-decoration:underline;font-weight:normal;color:#0a0a0a;\">\n\t\t\t\t               [vc_column_text]<\/p>\n<h5>Silver<\/h5>\n<p>[\/vc_column_text][vc_column_text]<\/p>\n<h6>2 days:<\/h6>\n<ul>\n<li><strong>Day 1: <\/strong><strong>Checkpoints: <\/strong>Radstadt Posthotel * Sattelbauer * Hochgr\u00fcndeck * Rossbrand * Mandlberggut * Radstadt Hotel Post<\/li>\n<li><strong>Day 2: <\/strong><strong>Checkpoints: <\/strong>Radstadt Posthotel * Forstau * Oberh\u00fctte * Johanneswasserfall * Radstadt Hotel Post<\/li>\n<\/ul>\n<p>[\/vc_column_text][vc_column_text]<span class=\"button-block\"><a href=\"https:\/\/www.stoneman-taurista.com\/mountainbike-tour\/mtb-urlaub-planen\/tipps-fuer-stoneman-taurista-mountainbike-tour-2-tage-silber\/\" target=\"_blank\" rel=\"noopener noreferrer\">View more<\/a><\/span>[\/vc_column_text]\n\t\t\t\t            <\/div>\n\t        \t\t\t<\/dd><dt class=\"\">\n\t        \t<a class=\"ult-tabto-actitle withBorder ult_a \" id=\"1600163390206-3-1\" style=\"color:#0a0a0a;;background-color:#ffffff;border-bottom-color:transparent;border-bottom-width:0px;border-bottom-style:solid;border-bottom-color:transparent;border-bottom-width:0px;border-bottom-style:solid;border-bottom-color:transparent;border-bottom-width:0px;border-bottom-style:solid;\" href=\"#1600163390206-3-1\">\n\t        \t\t<i class=\"accordion-icon\"><\/i>\n\t        \t\t\t<span class=\"ult_tab_main ult_ac_main ult_noacordicnBoth\">\n\n\t\t\t\t\t\t<span  data-ultimate-target='#advanced-tabs-wrap-3615 .ult-span-text'  data-responsive-json-new='{\"font-size\":\"desktop:15px;\",\"line-height\":\"\"}'  class=\"ult-span-text no_icon ult_acordian-text ult-responsive\" style=\";color:inherit \" >Bronze<\/span>\n\t\t\t\t\t\t<\/span><\/a><\/dt>\n\t            \t\t<dd class=\"ult-tabto-accordionItem ult-tabto-accolapsed\">\n\t\t\t\t            <div class=\"ult-tabto-acontent\" style=\"text-decoration:underline;font-weight:normal;color:#0a0a0a;\">\n\t\t\t\t               [vc_column_text]<\/p>\n<h5>Bronze<\/h5>\n<p>[\/vc_column_text][vc_column_text]<\/p>\n<h6>3 days:<\/h6>\n<ul>\n<li><strong>Day 1 Checkpoints:<\/strong> Radstadt Posthotel * Sattelbauer * Hochgr\u00fcndeck * Radstadt Hotel Post<\/li>\n<li><strong>Day 2: Checkpoints: <\/strong>Radstadt Posthotel * Rossbrand * Mandlberggut * Radstadt Hotel Post<\/li>\n<li><strong>Day 3: Checkpoints: <\/strong>Radstadt Posthotel * Forstau * Oberh\u00fctte * Johanneswasserfall * Radstadt Hotel Post<\/li>\n<\/ul>\n<p>[\/vc_column_text][vc_column_text]<span class=\"button-block\"><a href=\"https:\/\/www.stoneman-taurista.com\/mountainbike-tour\/mtb-urlaub-planen\/tipps-fuer-stoneman-taurista-mountainbike-tour-3-tage-bronze\/\" target=\"_blank\" rel=\"noopener noreferrer\">View more<\/a><\/span>[\/vc_column_text]\n\t\t\t\t            <\/div>\n\t        \t\t\t<\/dd>\n    \t<\/dl>\n    <!--<div class=\"extraborder\" style=\"background-color:#ffffff\"><\/div>-->\n<\/div>\n\n<\/div>[\/vc_column][\/vc_row][vc_row content_placement=&#34;top&#34; el_class=&#34;pauschale schmal&#34;][vc_column width=&#34;1\/2&#8243; el_class=&#34;pauschale&#34;][vc_single_image image=&#34;7225&#8243; img_size=&#34;full&#34; alignment=&#34;center&#34;][vc_column_text]<\/p>\n<h2>STONEMAN STARTER PACKAGE<\/h2>\n<p>&nbsp;<\/p>\n<p>&nbsp;<\/p>\n<p style=\"text-align: left;\">3 packs to can choose from:<\/p>\n<ul style=\"text-align: left;\">\n<li><strong>Starter package Basic : \u20ac 29,-<\/strong><\/li>\n<li><strong>Trophy Stone: \u20ac 39,-<\/strong><\/li>\n<li><strong>Trophy Complete: \u20ac 59,-<\/strong><\/li>\n<\/ul>\n<p>As an official starter you require the <strong>starter package Basic<\/strong> with the map, some goodies, gps data.<\/p>\n<p>The <strong>package stone<\/strong> contains the additonal stone in your desired color (gold = 1 day, silver = 2 days, bronze = 3 days).<\/p>\n<p>The <strong>package trophy<\/strong> complete contains an additonal socle to round up the Stoneman Taurista Trophy.[\/vc_column_text][\/vc_column][vc_column width=&#34;1\/2&#8243;][vc_single_image image=&#34;10053&#8243; img_size=&#34;medium&#34;][vc_column_text]<\/p>\n<h2>NEW 2021 \u2013 STARTER PACK CARD<\/h2>\n<p>&nbsp;<\/p>\n<p>&nbsp;<\/p>\n<p>3 packs to choose from:<\/p>\n<ul>\n<li><strong>Starter Pack Card: \u20ac 19,-<\/strong><\/li>\n<li><strong>Card Stone: \u20ac 39,-<\/strong><\/li>\n<li><strong>Card Complete: \u20ac 49,-<\/strong><\/li>\n<\/ul>\n<p>The Starter Pack Card contains:<\/p>\n<ul>\n<li>Signage and other helpful services<\/li>\n<li>Starter card and lanyard<\/li>\n<li>Stoneman Taurista wristband<\/li>\n<li>Important information via mail<\/li>\n<li>Up-to-date GPS-Track via mail<\/li>\n<li>Entry on the Finisher-List<\/li>\n<li>10 \u20ac voucher towards Stoneman jerseys<\/li>\n<li>Digital abo of BIKE magazine<\/li>\n<li>Upgrade to trophy or stone possible anytime<\/li>\n<\/ul>\n<p>&nbsp;<\/p>\n<p>The Starter Pack Card ist perfect for Finisher\/Returning people and groups![\/vc_column_text][\/vc_column][\/vc_row][vc_row][vc_column][vc_column_text]<\/p>\n<p style=\"text-align: center;\"><span class=\"button-block\"><a href=\"https:\/\/www.stoneman-taurista.com\/en\/mountainbike-tour-highlights\/starter-packs-mountain-bike-tour-stoneman-taurista\/reserve-mtb-starter-package\/\" target=\"_blank\" rel=\"noopener noreferrer\">Book your starter Pack<\/a><\/span><\/p>\n<p>[\/vc_column_text][\/vc_column][\/vc_row][vc_row][vc_column width=&#34;1\/3&#8243; css=&#34;.vc_custom_1478094261016{padding-top: 0px !important;}&#34;][vc_column_text]<\/p>\n<p style=\"text-align: center;\"><span class=\"button-block\"><a href=\"https:\/\/www.posthotel-radstadt.at\/?page_id=100\">Non-Binding Offer<\/a><\/span><\/p>\n<p>[\/vc_column_text][\/vc_column][vc_column width=&#34;1\/3&#8243; css=&#34;.vc_custom_1478094264596{padding-top: 0px !important;}&#34;][vc_column_text]<\/p>\n<p style=\"text-align: center;\"><span class=\"button-block\"><a href=\"https:\/\/www.posthotel-radstadt.at\/hotel\/wellness-saunalandschaft\/\">Wellness &amp; Spa Area<\/a><\/span><\/p>\n<p>[\/vc_column_text][\/vc_column][vc_column width=&#34;1\/3&#8243; css=&#34;.vc_custom_1478094270255{padding-top: 0px !important;}&#34;][vc_column_text]<\/p>\n<p style=\"text-align: center;\"><span class=\"button-block\"><a href=\"https:\/\/www.posthotel-radstadt.at\/zimmer\/zimmeruebersicht\/\">Rooms Overview<\/a><\/span><\/p>\n<p>[\/vc_column_text][\/vc_column][\/vc_row]<\/p>\n<\/div>","protected":false},"excerpt":{"rendered":"<p>[vc_row][vc_column][vc_column_text] Stoneman Taurista an exclusive mountainbike experience by Roland Stauder in Radstadt &#8211; Austria. [\/vc_column_text][\/vc_column][\/vc_row][vc_row equal_height=&#34;yes&#34; content_placement=&#34;middle&#34;][vc_column width=&#34;1\/6&#8243;][vc_single_image image=&#34;7211&#8243; el_class=&#34;logo&#34;][\/vc_column][vc_column width=&#34;5\/6&#8243;][vc_column_text]123 Kilometers | 4500 meters altitude gain | 360\u00b0 breathtaking [&hellip;]<\/p>\n","protected":false},"author":2,"featured_media":8934,"parent":8830,"menu_order":0,"comment_status":"closed","ping_status":"closed","template":"","meta":{"_acf_changed":false,"rs_blank_template":"","rs_page_bg_color":"#ffffff","slide_template_v7":"","footnotes":""},"class_list":["post-8932","page","type-page","status-publish","has-post-thumbnail","hentry"],"acf":[],"_links":{"self":[{"href":"https:\/\/www.posthotel-radstadt.at\/en\/wp-json\/wp\/v2\/pages\/8932","targetHints":{"allow":["GET"]}}],"collection":[{"href":"https:\/\/www.posthotel-radstadt.at\/en\/wp-json\/wp\/v2\/pages"}],"about":[{"href":"https:\/\/www.posthotel-radstadt.at\/en\/wp-json\/wp\/v2\/types\/page"}],"author":[{"embeddable":true,"href":"https:\/\/www.posthotel-radstadt.at\/en\/wp-json\/wp\/v2\/users\/2"}],"replies":[{"embeddable":true,"href":"https:\/\/www.posthotel-radstadt.at\/en\/wp-json\/wp\/v2\/comments?post=8932"}],"version-history":[{"count":0,"href":"https:\/\/www.posthotel-radstadt.at\/en\/wp-json\/wp\/v2\/pages\/8932\/revisions"}],"up":[{"embeddable":true,"href":"https:\/\/www.posthotel-radstadt.at\/en\/wp-json\/wp\/v2\/pages\/8830"}],"wp:featuredmedia":[{"embeddable":true,"href":"https:\/\/www.posthotel-radstadt.at\/en\/wp-json\/wp\/v2\/media\/8934"}],"wp:attachment":[{"href":"https:\/\/www.posthotel-radstadt.at\/en\/wp-json\/wp\/v2\/media?parent=8932"}],"curies":[{"name":"wp","href":"https:\/\/api.w.org\/{rel}","templated":true}]}}